{"id":2348,"date":"2025-03-16T17:28:47","date_gmt":"2025-03-16T17:28:47","guid":{"rendered":"https:\/\/www.haecksen.org\/?page_id=2348"},"modified":"2025-03-16T17:28:47","modified_gmt":"2025-03-16T17:28:47","slug":"presse-und-medien","status":"publish","type":"page","link":"https:\/\/www.haecksen.org\/en\/presse-und-medien\/","title":{"rendered":"Haecksen in den Medien"},"content":{"rendered":"\n<h3 class=\"wp-block-heading\">Talks von Haecksen<\/h3>\n\n\n\n<p>r<strong>C3 2020<\/strong><br><a href=\"https:\/\/media.ccc.de\/v\/rc3-2020-164-barrierefreiheit-quo-vadis-\">Barrierefreiheit Quo Vadis?<\/a><\/p>\n\n\n\n<p>DIVOC 2020<br><a href=\"https:\/\/media.ccc.de\/v\/ptt-251-feministischer-buchklub-best-of#t=341\">Feministischer Buchclub<\/a><\/p>\n\n\n\n<p><strong>36C3, 2019<\/strong><br><a href=\"https:\/\/media.ccc.de\/v\/36c3-10903-jahresruckblick_der_haecksen\">Jahresr\u00fcckblick der Haecksen 2019<\/a><br><a href=\"https:\/\/media.ccc.de\/v\/36c3-10890-welcome_pattern_-_theorie_und_praxis\">Vorstellung der &#8216;Welcome Patterns&#8217; zum Empfang und Integration von Neuank\u00f6mmlingen in Hackspaces<\/a><br><a href=\"http:\/\/'https:\/\/media.ccc.de\/v\/36c3-112-feierliche-verlesung-des-gesammelten-rgers\">Feierliche Verlesung des gesammelten \u00c4rgers<\/a><br><a href=\"https:\/\/media.ccc.de\/v\/36c3-11010-protecting_the_wild\">Conservation Genomics between Taxonomy, Big Data, Statistics and IT-Security<\/a><br><a href=\"https:\/\/media.ccc.de\/v\/36c3-99-aus-sicherheitsgrnden-muss-das-grundgesetz-leider-abgeschafft-werden-schluss-mit-dem-sicherheitstheater\">Aus Sicherheitsgr\u00fcnden muss das Grundgesetz leider abgeschafft werden<\/a><br><a href=\"https:\/\/media.ccc.de\/v\/36c3-148-sexualisierter-gewalt-und-die-verantwortung-von-gesellschaft-und-communities\">Sexualisierter Gewalt und die Verantwortung von Gesellschaft und Communities <\/a><\/p>\n\n\n\n<p><strong>35C3, 2018<\/strong><br><a href=\"https:\/\/media.ccc.de\/v\/35c3-9566-lightning_talks_day_2#t=7066\">Lightning-Talks der Haecksen auf dem 35C3 (Video, 2018, ab 1:24:30)<\/a><br><a href=\"https:\/\/media.ccc.de\/v\/35c3chaoswest-54-frauen-nit-gruppen-im-umfeld-des-ccc-wo-warum-und-was-sind-unsere-projekte\">Frauen und FNIT Gruppen im Umfeld des CCC &#8211; Pannel auf dem 35C3 (Video, 2018)<\/a><\/p>\n\n\n\n<p><strong>Bits und B\u00e4ume Konferenz, 2018<\/strong><br><a href=\"https:\/\/media.ccc.de\/v\/bub2018-153-feinstaubsensor_selbstgebaut\">Talk \u00fcber den Bau eines mobilen Feinstaubsensors von Geekfem, Bits und B\u00e4ume Konferenz 2018 (Video)<\/a> <br><a href=\"https:\/\/media.ccc.de\/v\/bub2018-361-organisiert_euch\">Organisiert euch!<\/a><br><\/p>\n\n\n\n<h3 class=\"wp-block-heading\">Berichte \u00fcber die Haecksen<\/h3>\n\n\n\n<p><a href=\"https:\/\/www.youtube.com\/watch?v=rhfLazPO7C4&amp;feature=youtu.be\">Piko bei komm:on \u00fcber die Haecksen, 36C3 2019<\/a><\/p>\n\n\n\n<p>\n<a href=\"https:\/\/damals-tm-podcast.de\/index.php\/2019\/01\/23\/dtm062_haecksen\/\">Podcast \u00fcber das &#8220;Schrein&#8221; Projekt, 35C3, 2018<\/a><br><br>\n\n<a href=\"http:\/\/www.wired.com\/threatlevel\/2010\/12\/hacking-the-hacker-stereotypes\/\">Artikel \u00fcber die Haecksen auf dem 27C3 (2010) im Wired Magazine<\/a><br><br>\n\nInterview mit Princess in <a href=\"http:\/\/www.anschlaege.at\">an.schlaege, dem \u00f6sterreichischen feministischen Magazin<\/a>. Stichwort: BigBrother, 2007<br><br>\n\nArtikel im Berliner Tagesspiegel \u00fcber den 23C3, 2006\n<br><br>\n\u00dcber den 22C3, 2005 gab es gleich mehrere Berichte:<br> in der <a href=\"https:\/\/taz.de\/!496472\/\">taz<\/a>, auf <a href\"http:=\"\" www.heise.de=\"\" newsticker=\"\" meldung=\"\" 67825\"=\"\">heise.de<\/a> und auf <a href=\"http:\/\/de.indymedia.org\/2005\/12\/135862.shtml\">indymedia<\/a>\n<\/p>\n\n\n\n<p><\/p>\n","protected":false},"excerpt":{"rendered":"<p>Talks von Haecksen rC3 2020Barrierefreiheit Quo Vadis? DIVOC 2020Feministischer Buchclub 36C3, 2019Jahresr\u00fcckblick der Haecksen 2019Vorstellung der &#8216;Welcome Patterns&#8217; zum Empfang und Integration von Neuank\u00f6mmlingen in HackspacesFeierliche Verlesung des gesammelten \u00c4rgersConservation&#8230;<\/p>\n<div class=\"more-link-wrapper\"><a class=\"more-link\" href=\"https:\/\/www.haecksen.org\/en\/presse-und-medien\/\">Continue reading<span class=\"screen-reader-text\">Haecksen in den Medien<\/span><\/a><\/div>\n","protected":false},"author":168,"featured_media":0,"parent":0,"menu_order":0,"comment_status":"closed","ping_status":"closed","template":"","meta":{"_locale":"en_US","_original_post":"https:\/\/www.haecksen.org\/?page_id=24","footnotes":""},"class_list":["post-2348","page","type-page","status-publish","hentry","en-US","entry"],"_links":{"self":[{"href":"https:\/\/www.haecksen.org\/wp-json\/wp\/v2\/pages\/2348","targetHints":{"allow":["GET"]}}],"collection":[{"href":"https:\/\/www.haecksen.org\/wp-json\/wp\/v2\/pages"}],"about":[{"href":"https:\/\/www.haecksen.org\/wp-json\/wp\/v2\/types\/page"}],"author":[{"embeddable":true,"href":"https:\/\/www.haecksen.org\/wp-json\/wp\/v2\/users\/168"}],"replies":[{"embeddable":true,"href":"https:\/\/www.haecksen.org\/wp-json\/wp\/v2\/comments?post=2348"}],"version-history":[{"count":1,"href":"https:\/\/www.haecksen.org\/wp-json\/wp\/v2\/pages\/2348\/revisions"}],"predecessor-version":[{"id":2351,"href":"https:\/\/www.haecksen.org\/wp-json\/wp\/v2\/pages\/2348\/revisions\/2351"}],"wp:attachment":[{"href":"https:\/\/www.haecksen.org\/wp-json\/wp\/v2\/media?parent=2348"}],"curies":[{"name":"wp","href":"https:\/\/api.w.org\/{rel}","templated":true}]}}